{"id":21,"date":"2023-04-03T17:58:15","date_gmt":"2023-04-03T17:58:15","guid":{"rendered":"https:\/\/mulheresdaquebrada.com.br\/?page_id=21"},"modified":"2023-10-11T15:25:25","modified_gmt":"2023-10-11T18:25:25","slug":"comunidades","status":"publish","type":"page","link":"https:\/\/mulheresdaquebrada.com.br\/index.php\/comunidades\/","title":{"rendered":"Comunidades"},"content":{"rendered":"\t\t<div data-elementor-type=\"wp-page\" data-elementor-id=\"21\" class=\"elementor elementor-21\" data-elementor-post-type=\"page\">\n\t\t\t\t\t\t<section class=\"elementor-section elementor-top-section elementor-element elementor-element-351e2e3 elementor-section-boxed elementor-section-height-default elementor-section-height-default\" data-id=\"351e2e3\" data-element_type=\"section\" data-settings=\"{&quot;background_background&quot;:&quot;classic&quot;,&quot;shape_divider_bottom_negative&quot;:&quot;yes&quot;,&quot;shape_divider_bottom&quot;:&quot;triangle-asymmetrical&quot;}\">\n\t\t\t\t\t\t\t<div class=\"elementor-background-overlay\"><\/div>\n\t\t\t\t\t\t<div class=\"elementor-shape elementor-shape-bottom\" aria-hidden=\"true\" data-negative=\"true\">\n\t\t\t<svg xmlns=\"http:\/\/www.w3.org\/2000\/svg\" viewBox=\"0 0 1000 100\" preserveAspectRatio=\"none\">\n\t<path class=\"elementor-shape-fill\" d=\"M737.9,94.7L0,0v100h1000V0L737.9,94.7z\"\/>\n<\/svg>\t\t<\/div>\n\t\t\t\t\t<div class=\"elementor-container elementor-column-gap-default\">\n\t\t\t\t\t<div class=\"elementor-column elementor-col-100 elementor-top-column elementor-element elementor-element-d3088a3\" data-id=\"d3088a3\" data-element_type=\"column\">\n\t\t\t<div class=\"elementor-widget-wrap elementor-element-populated\">\n\t\t\t\t\t\t<div class=\"elementor-element elementor-element-656a3d0 elementor-widget elementor-widget-heading\" data-id=\"656a3d0\" data-element_type=\"widget\" data-widget_type=\"heading.default\">\n\t\t\t\t<div class=\"elementor-widget-container\">\n\t\t\t\t\t<h1 class=\"elementor-heading-title elementor-size-default\">Informa\u00e7\u00f5es <\/h1>\t\t\t\t<\/div>\n\t\t\t\t<\/div>\n\t\t\t\t<div class=\"elementor-element elementor-element-f111828 elementor-icon-list--layout-inline elementor-align-center elementor-list-item-link-full_width elementor-widget elementor-widget-icon-list\" data-id=\"f111828\" data-element_type=\"widget\" data-widget_type=\"icon-list.default\">\n\t\t\t\t<div class=\"elementor-widget-container\">\n\t\t\t\t\t\t\t<ul class=\"elementor-icon-list-items elementor-inline-items\">\n\t\t\t\t\t\t\t<li class=\"elementor-icon-list-item elementor-inline-item\">\n\t\t\t\t\t\t\t\t\t\t<span class=\"elementor-icon-list-text\">P\u00e1gina Inicial <\/span>\n\t\t\t\t\t\t\t\t\t<\/li>\n\t\t\t\t\t\t\t\t<li class=\"elementor-icon-list-item elementor-inline-item\">\n\t\t\t\t\t\t\t\t\t\t\t<span class=\"elementor-icon-list-icon\">\n\t\t\t\t\t\t\t<i aria-hidden=\"true\" class=\"fas fa-chevron-right\"><\/i>\t\t\t\t\t\t<\/span>\n\t\t\t\t\t\t\t\t\t\t<span class=\"elementor-icon-list-text\">Comunidade<\/span>\n\t\t\t\t\t\t\t\t\t<\/li>\n\t\t\t\t\t\t<\/ul>\n\t\t\t\t\t\t<\/div>\n\t\t\t\t<\/div>\n\t\t\t\t\t<\/div>\n\t\t<\/div>\n\t\t\t\t\t<\/div>\n\t\t<\/section>\n\t\t\t\t<section class=\"elementor-section elementor-top-section elementor-element elementor-element-c3fa3a0 elementor-section-full_width elementor-section-height-default elementor-section-height-default\" data-id=\"c3fa3a0\" data-element_type=\"section\">\n\t\t\t\t\t\t<div class=\"elementor-container elementor-column-gap-default\">\n\t\t\t\t\t<div class=\"elementor-column elementor-col-100 elementor-top-column elementor-element elementor-element-0e7d2d0\" data-id=\"0e7d2d0\" data-element_type=\"column\">\n\t\t\t<div class=\"elementor-widget-wrap elementor-element-populated\">\n\t\t\t\t\t\t<div class=\"elementor-element elementor-element-f2e827b elementor-widget elementor-widget-heading\" data-id=\"f2e827b\" data-element_type=\"widget\" data-widget_type=\"heading.default\">\n\t\t\t\t<div class=\"elementor-widget-container\">\n\t\t\t\t\t<h2 class=\"elementor-heading-title elementor-size-default\">Comunidade<\/h2>\t\t\t\t<\/div>\n\t\t\t\t<\/div>\n\t\t\t\t<div class=\"elementor-element elementor-element-535bbb7 elementor-widget-divider--view-line elementor-invisible elementor-widget elementor-widget-divider\" data-id=\"535bbb7\" data-element_type=\"widget\" data-settings=\"{&quot;_animation&quot;:&quot;fadeInLeft&quot;}\" data-widget_type=\"divider.default\">\n\t\t\t\t<div class=\"elementor-widget-container\">\n\t\t\t\t\t\t\t<div class=\"elementor-divider\">\n\t\t\t<span class=\"elementor-divider-separator\">\n\t\t\t\t\t\t<\/span>\n\t\t<\/div>\n\t\t\t\t\t\t<\/div>\n\t\t\t\t<\/div>\n\t\t\t\t\t<\/div>\n\t\t<\/div>\n\t\t\t\t\t<\/div>\n\t\t<\/section>\n\t\t\t\t<section class=\"elementor-section elementor-top-section elementor-element elementor-element-c70f3ed elementor-section-full_width elementor-section-height-default elementor-section-height-default\" data-id=\"c70f3ed\" data-element_type=\"section\">\n\t\t\t\t\t\t<div class=\"elementor-container elementor-column-gap-no\">\n\t\t\t\t\t<div class=\"elementor-column elementor-col-100 elementor-top-column elementor-element elementor-element-5ae47f9\" data-id=\"5ae47f9\" data-element_type=\"column\">\n\t\t\t<div class=\"elementor-widget-wrap elementor-element-populated\">\n\t\t\t\t\t\t<div class=\"elementor-element elementor-element-e0105db elementor-widget__width-inherit elementor-widget elementor-widget-google_maps\" data-id=\"e0105db\" data-element_type=\"widget\" data-widget_type=\"google_maps.default\">\n\t\t\t\t<div class=\"elementor-widget-container\">\n\t\t\t\t\t\t\t<div class=\"elementor-custom-embed\">\n\t\t\t<iframe\n\t\t\t\t\tdata-src=\"https:\/\/maps.google.com\/maps?q=R.%20Carlos%20Etiene%20de%20Castro%2C%2032%20-%20Serra&#038;t=m&#038;z=16&#038;output=embed&#038;iwloc=near\"\n\t\t\t\t\ttitle=\"R. Carlos Etiene de Castro, 32 - Serra\"\n\t\t\t\t\taria-label=\"R. Carlos Etiene de Castro, 32 - Serra\"\n\t\t\t src=\"data:image\/gif;base64,R0lGODlhAQABAAAAACH5BAEKAAEALAAAAAABAAEAAAICTAEAOw==\" class=\"lazyload\" data-load-mode=\"1\"><\/iframe>\n\t\t<\/div>\n\t\t\t\t\t\t<\/div>\n\t\t\t\t<\/div>\n\t\t\t\t\t<\/div>\n\t\t<\/div>\n\t\t\t\t\t<\/div>\n\t\t<\/section>\n\t\t\t\t<section class=\"elementor-section elementor-top-section elementor-element elementor-element-84115c8 elementor-section-boxed elementor-section-height-default elementor-section-height-default\" data-id=\"84115c8\" data-element_type=\"section\" data-settings=\"{&quot;background_background&quot;:&quot;classic&quot;}\">\n\t\t\t\t\t\t<div class=\"elementor-container elementor-column-gap-default\">\n\t\t\t\t\t<div class=\"elementor-column elementor-col-100 elementor-top-column elementor-element elementor-element-fe1d686\" data-id=\"fe1d686\" data-element_type=\"column\">\n\t\t\t<div class=\"elementor-widget-wrap elementor-element-populated\">\n\t\t\t\t\t\t<div class=\"elementor-element elementor-element-55f5769 elementor-widget elementor-widget-spacer\" data-id=\"55f5769\" data-element_type=\"widget\" data-widget_type=\"spacer.default\">\n\t\t\t\t<div class=\"elementor-widget-container\">\n\t\t\t\t\t\t\t<div class=\"elementor-spacer\">\n\t\t\t<div class=\"elementor-spacer-inner\"><\/div>\n\t\t<\/div>\n\t\t\t\t\t\t<\/div>\n\t\t\t\t<\/div>\n\t\t\t\t<div class=\"elementor-element elementor-element-ae4ecd3 elementor-invisible elementor-widget elementor-widget-text-editor\" data-id=\"ae4ecd3\" data-element_type=\"widget\" data-settings=\"{&quot;_animation&quot;:&quot;fadeInDown&quot;}\" data-widget_type=\"text-editor.default\">\n\t\t\t\t<div class=\"elementor-widget-container\">\n\t\t\t\t\t\t\t\t\t<p><span style=\"font-weight: 400;\">Segundo dados do Instituto Brasileiro de Geografia e Estat\u00edstica (IBGE, mar\u00e7o de 2020), a renda m\u00e9dia de uma mulher negra hoje no Brasil corresponde a 42% de um homem branco. Entre pessoas de 25 a 44 anos de idade, o percentual de mulheres brancas com ensino superior completo \u00e9 2,3 vezes maior do que o de mulheres pretas ou pardas. No que se refere a viol\u00eancia, o cen\u00e1rio \u00e9 ainda pior. Segundo o Atlas da viol\u00eancia IPEA \u2013 2018, a taxa de homic\u00eddios de mulheres negras foi 71% superior \u00e0 de mulheres n\u00e3o negras. Nesse cen\u00e1rio, destacam-se as mulheres da regi\u00e3o do Aglomerado da Serra, regi\u00e3o Centro-Sul, em Belo Horizonte e que possui cerca de 65 mil habitantes (CENSO\/2010). As mulheres desse lugar, de maioria negra, al\u00e9m desses desafios do pr\u00f3prio territ\u00f3rio, enfrentam outros problemas decorrentes do racismo e do machismo estrutural como o baixo acesso a oportunidades de estudos, emprego e gera\u00e7\u00e3o de renda. Os servi\u00e7os p\u00fablicos existentes muitas vezes encontram dificuldades de abordagem para essa realidade t\u00e3o espec\u00edfica e desafiadora enfrentada pelas mulheres, jovens e adultas. Nesse sentido, a Coletiva tem sido procurada tanto pelo CRAS, quanto por escolas municipais, para prestar consultoria ou servi\u00e7os que contribuam no atendimento a este p\u00fablico. A formaliza\u00e7\u00e3o jur\u00eddica da Coletiva viabiliza que essas parcerias se concretizem, mas ainda h\u00e1 o desafio burocr\u00e1tico que envolve processos de contrata\u00e7\u00e3o. A continuidade e amplia\u00e7\u00e3o das a\u00e7\u00f5es da Coletiva de forma aut\u00f4noma contribui com as mulheres, ao orient\u00e1-las no acesso a esses servi\u00e7os, ao mesmo tempo em que oferece a\u00e7\u00f5es que complementam suas oportunidades de acesso e direitos.<\/span><\/p>\t\t\t\t\t\t\t\t<\/div>\n\t\t\t\t<\/div>\n\t\t\t\t\t<\/div>\n\t\t<\/div>\n\t\t\t\t\t<\/div>\n\t\t<\/section>\n\t\t\t\t<section class=\"elementor-section elementor-top-section elementor-element elementor-element-9c78818 elementor-section-boxed elementor-section-height-default elementor-section-height-default\" data-id=\"9c78818\" data-element_type=\"section\" data-settings=\"{&quot;background_background&quot;:&quot;classic&quot;}\">\n\t\t\t\t\t\t<div class=\"elementor-container elementor-column-gap-default\">\n\t\t\t\t\t<div class=\"elementor-column elementor-col-100 elementor-top-column elementor-element elementor-element-854cf22\" data-id=\"854cf22\" data-element_type=\"column\">\n\t\t\t<div class=\"elementor-widget-wrap elementor-element-populated\">\n\t\t\t\t\t\t<div class=\"elementor-element elementor-element-d9d7478 elementor-widget elementor-widget-spacer\" data-id=\"d9d7478\" data-element_type=\"widget\" data-widget_type=\"spacer.default\">\n\t\t\t\t<div class=\"elementor-widget-container\">\n\t\t\t\t\t\t\t<div class=\"elementor-spacer\">\n\t\t\t<div class=\"elementor-spacer-inner\"><\/div>\n\t\t<\/div>\n\t\t\t\t\t\t<\/div>\n\t\t\t\t<\/div>\n\t\t\t\t<div class=\"elementor-element elementor-element-077e74b elementor-invisible elementor-widget elementor-widget-text-editor\" data-id=\"077e74b\" data-element_type=\"widget\" data-settings=\"{&quot;_animation&quot;:&quot;fadeInRight&quot;}\" data-widget_type=\"text-editor.default\">\n\t\t\t\t<div class=\"elementor-widget-container\">\n\t\t\t\t\t\t\t\t\t<p><span style=\"font-weight: 400;\">Este terr\u00edt\u00f3rio j\u00e1 viveu altos \u00edndices de homic\u00eddios devido \u00e0s guerras do tr\u00e1fico de drogas, embora, o \u201cAglomerado da Serra em 2023 completa mais de 500 dias sem registrar assassinato, a PM atribuiu a conquista a um conjunto de fatores, principalmente \u00e0 parceria com a comunidade; soci\u00f3logo diz que os homic\u00eddios v\u00eam caindo em toda a capital (ITATIAIA 2023)\u201d. Esta queda tem influ\u00eancia de a\u00e7\u00f5es socioculturais vinda de dentro da comunidade, pois este territ\u00f3rio ao longo de sua exist\u00eancia t\u00eam constru\u00eddo estrat\u00e9gias de afirma\u00e7\u00e3o e resist\u00eancia por meio da forma\u00e7\u00e3o de redes de apoio sociocultural, onde a arte local com sua pluralidade de linguagens culturais e potencialidade ganha destaque e premia\u00e7\u00f5es dentro da comunidade e na cidade e fomenta uma\u00a0 identidade local que difere dos estere\u00f3tipos da viol\u00eancia, al\u00e9m de fomentar a preven\u00e7\u00e3o da criminalidade. O Aglomerado da Serra \u00e9\u00a0 considerado um dos grandes p\u00f3los culturais de Belo Horizonte e re\u00fane samba de roda mineiro, pagode, capoeira, funk, soul, cultura hip hop, entre v\u00e1rias outras manifesta\u00e7\u00f5es art\u00edsticas em um caldeir\u00e3o cultural que se tornou refer\u00eancia em Belo Horizonte (UFMG 2021).<\/span><\/p><p><span style=\"font-weight: 400;\">No local\u00a0 facilmente \u00e9 identificado o desenvolvimento cultural onde grupos e artistas individuais de renome ou amadores como Marquim de Morais, Grupo de dan\u00e7a Identidade, Bloco Seu Vizinho, a Coletiva Mulheres da Quebrada que nasce por meio de mulheres artistas que utiliza a arte como meio para provoca\u00e7\u00e3o de di\u00e1logos e mudan\u00e7as sociais, entre outros, e pela exist\u00eancia de Centros Culturais p\u00fablicos e privados promovem arte, educa\u00e7\u00e3o, esporte e lazer por meio de oficinas, dan\u00e7a, m\u00fasicas, poesia marginal, literatura, teatro, mostras, produ\u00e7\u00f5es audiovisuais, interc\u00e2mbio cultural, jud\u00f4, entre outros. Na maioria das vezes ofertada ao p\u00fablico de modo gratuito, fomentando assim a democratiza\u00e7\u00e3o do acesso \u00e0 cultura para a popula\u00e7\u00e3o perif\u00e9rica.\u00a0<\/span><\/p>\t\t\t\t\t\t\t\t<\/div>\n\t\t\t\t<\/div>\n\t\t\t\t<div class=\"elementor-element elementor-element-e9a8ea0 elementor-widget elementor-widget-spacer\" data-id=\"e9a8ea0\" data-element_type=\"widget\" data-widget_type=\"spacer.default\">\n\t\t\t\t<div class=\"elementor-widget-container\">\n\t\t\t\t\t\t\t<div class=\"elementor-spacer\">\n\t\t\t<div class=\"elementor-spacer-inner\"><\/div>\n\t\t<\/div>\n\t\t\t\t\t\t<\/div>\n\t\t\t\t<\/div>\n\t\t\t\t\t<\/div>\n\t\t<\/div>\n\t\t\t\t\t<\/div>\n\t\t<\/section>\n\t\t\t\t<\/div>\n\t\t","protected":false},"excerpt":{"rendered":"<p>Informa\u00e7\u00f5es P\u00e1gina Inicial Comunidade Comunidade Segundo dados do Instituto Brasileiro de Geografia e Estat\u00edstica (IBGE, mar\u00e7o de 2020), a renda m\u00e9dia de uma mulher negra hoje no Brasil corresponde a 42% de um homem branco. Entre pessoas de 25 a 44 anos de idade, o percentual de mulheres brancas com ensino superior completo \u00e9 2,3 [&hellip;]<\/p>\n","protected":false},"author":1,"featured_media":0,"parent":0,"menu_order":0,"comment_status":"closed","ping_status":"closed","template":"","meta":{"footnotes":""},"class_list":["post-21","page","type-page","status-publish","hentry"],"_links":{"self":[{"href":"https:\/\/mulheresdaquebrada.com.br\/index.php\/wp-json\/wp\/v2\/pages\/21","targetHints":{"allow":["GET"]}}],"collection":[{"href":"https:\/\/mulheresdaquebrada.com.br\/index.php\/wp-json\/wp\/v2\/pages"}],"about":[{"href":"https:\/\/mulheresdaquebrada.com.br\/index.php\/wp-json\/wp\/v2\/types\/page"}],"author":[{"embeddable":true,"href":"https:\/\/mulheresdaquebrada.com.br\/index.php\/wp-json\/wp\/v2\/users\/1"}],"replies":[{"embeddable":true,"href":"https:\/\/mulheresdaquebrada.com.br\/index.php\/wp-json\/wp\/v2\/comments?post=21"}],"version-history":[{"count":0,"href":"https:\/\/mulheresdaquebrada.com.br\/index.php\/wp-json\/wp\/v2\/pages\/21\/revisions"}],"wp:attachment":[{"href":"https:\/\/mulheresdaquebrada.com.br\/index.php\/wp-json\/wp\/v2\/media?parent=21"}],"curies":[{"name":"wp","href":"https:\/\/api.w.org\/{rel}","templated":true}]}}