{"id":753,"date":"2023-09-12T14:28:07","date_gmt":"2023-09-12T17:28:07","guid":{"rendered":"https:\/\/mulheresdaquebrada.com.br\/?page_id=753"},"modified":"2023-09-12T14:45:38","modified_gmt":"2023-09-12T17:45:38","slug":"cuidado-e-afeto","status":"publish","type":"page","link":"https:\/\/mulheresdaquebrada.com.br\/index.php\/cuidado-e-afeto\/","title":{"rendered":"Cuidado e Afeto"},"content":{"rendered":"\t\t<div data-elementor-type=\"wp-page\" data-elementor-id=\"753\" class=\"elementor elementor-753\" data-elementor-post-type=\"page\">\n\t\t\t\t\t\t<section class=\"elementor-section elementor-top-section elementor-element elementor-element-80ca234 elementor-section-boxed elementor-section-height-default elementor-section-height-default\" data-id=\"80ca234\" data-element_type=\"section\">\n\t\t\t\t\t\t<div class=\"elementor-container elementor-column-gap-default\">\n\t\t\t\t\t<div class=\"elementor-column elementor-col-100 elementor-top-column elementor-element elementor-element-40d13395\" data-id=\"40d13395\" data-element_type=\"column\">\n\t\t\t<div class=\"elementor-widget-wrap elementor-element-populated\">\n\t\t\t\t\t\t<div class=\"elementor-element elementor-element-44bcf07 elementor-widget elementor-widget-text-editor\" data-id=\"44bcf07\" data-element_type=\"widget\" data-widget_type=\"text-editor.default\">\n\t\t\t\t<div class=\"elementor-widget-container\">\n\t\t\t\t\t\t\t\t\t\n<p><a href=\"https:\/\/mulheresdaquebrada.com.br\/index.php\/atividades\/\"><\/a><\/p>\n\t\t\t\t\t\t\t\t<\/div>\n\t\t\t\t<\/div>\n\t\t\t\t\t<\/div>\n\t\t<\/div>\n\t\t\t\t\t<\/div>\n\t\t<\/section>\n\t\t\t\t<section class=\"elementor-section elementor-top-section elementor-element elementor-element-73df975 elementor-section-boxed elementor-section-height-default elementor-section-height-default\" data-id=\"73df975\" data-element_type=\"section\">\n\t\t\t\t\t\t<div class=\"elementor-container elementor-column-gap-default\">\n\t\t\t\t\t<div class=\"elementor-column elementor-col-50 elementor-top-column elementor-element elementor-element-2bea532\" data-id=\"2bea532\" data-element_type=\"column\" data-settings=\"{&quot;background_background&quot;:&quot;slideshow&quot;,&quot;background_slideshow_gallery&quot;:[{&quot;id&quot;:441,&quot;url&quot;:&quot;https:\\\/\\\/mulheresdaquebrada.com.br\\\/wp-content\\\/uploads\\\/2023\\\/08\\\/WhatsApp-Image-2023-07-17-at-12.42.24-21.jpeg&quot;},{&quot;id&quot;:440,&quot;url&quot;:&quot;https:\\\/\\\/mulheresdaquebrada.com.br\\\/wp-content\\\/uploads\\\/2023\\\/08\\\/IMG_6039-scaled.jpg&quot;},{&quot;id&quot;:434,&quot;url&quot;:&quot;https:\\\/\\\/mulheresdaquebrada.com.br\\\/wp-content\\\/uploads\\\/2023\\\/08\\\/COLETIVA-MULHERES-DA-QUEBRADA_Site.png&quot;},{&quot;id&quot;:492,&quot;url&quot;:&quot;https:\\\/\\\/mulheresdaquebrada.com.br\\\/wp-content\\\/uploads\\\/2023\\\/08\\\/WhatsApp-Image-2023-07-17-at-12.42.21-11.jpeg&quot;}],&quot;background_slideshow_loop&quot;:&quot;yes&quot;,&quot;background_slideshow_slide_duration&quot;:5000,&quot;background_slideshow_slide_transition&quot;:&quot;fade&quot;,&quot;background_slideshow_transition_duration&quot;:500}\">\n\t\t\t<div class=\"elementor-widget-wrap elementor-element-populated\">\n\t\t\t\t\t\t<div class=\"elementor-element elementor-element-7c2aff4 elementor-widget elementor-widget-spacer\" data-id=\"7c2aff4\" data-element_type=\"widget\" data-widget_type=\"spacer.default\">\n\t\t\t\t<div class=\"elementor-widget-container\">\n\t\t\t\t\t\t\t<div class=\"elementor-spacer\">\n\t\t\t<div class=\"elementor-spacer-inner\"><\/div>\n\t\t<\/div>\n\t\t\t\t\t\t<\/div>\n\t\t\t\t<\/div>\n\t\t\t\t\t<\/div>\n\t\t<\/div>\n\t\t\t\t<div class=\"elementor-column elementor-col-50 elementor-top-column elementor-element elementor-element-e7347cf\" data-id=\"e7347cf\" data-element_type=\"column\">\n\t\t\t<div class=\"elementor-widget-wrap elementor-element-populated\">\n\t\t\t\t\t\t<div class=\"elementor-element elementor-element-c1fbcc1 elementor-widget elementor-widget-spacer\" data-id=\"c1fbcc1\" data-element_type=\"widget\" data-widget_type=\"spacer.default\">\n\t\t\t\t<div class=\"elementor-widget-container\">\n\t\t\t\t\t\t\t<div class=\"elementor-spacer\">\n\t\t\t<div class=\"elementor-spacer-inner\"><\/div>\n\t\t<\/div>\n\t\t\t\t\t\t<\/div>\n\t\t\t\t<\/div>\n\t\t\t\t<div class=\"elementor-element elementor-element-181c95c elementor-widget elementor-widget-heading\" data-id=\"181c95c\" data-element_type=\"widget\" data-widget_type=\"heading.default\">\n\t\t\t\t<div class=\"elementor-widget-container\">\n\t\t\t\t\t<h2 class=\"elementor-heading-title elementor-size-default\">Cuidado e afeto<\/h2>\t\t\t\t<\/div>\n\t\t\t\t<\/div>\n\t\t\t\t<div class=\"elementor-element elementor-element-43f0698 elementor-widget elementor-widget-text-editor\" data-id=\"43f0698\" data-element_type=\"widget\" data-widget_type=\"text-editor.default\">\n\t\t\t\t<div class=\"elementor-widget-container\">\n\t\t\t\t\t\t\t\t\t<p><span style=\"font-weight: 400;\">Igualdade de ra\u00e7a e g\u00eanero;<\/span><\/p>\n<p><span style=\"font-weight: 400;\"> justi\u00e7a\/direitos sociais;<\/span><\/p>\n<p><span style=\"font-weight: 400;\"> Incorporando uma estrat\u00e9gia de afeto e cuidado como forma de apoio s\u00f3cio emocional no enfrentamento \u00e0s viol\u00eancias, desigualdades socioecon\u00f4micas, \u00e9tnico-raciais que provoca mudan\u00e7as individuais e coletivas e estruturais de toda sociedade.<\/span><\/p>\t\t\t\t\t\t\t\t<\/div>\n\t\t\t\t<\/div>\n\t\t\t\t<div class=\"elementor-element elementor-element-e0b8f54 elementor-align-left elementor-invisible elementor-widget elementor-widget-button\" data-id=\"e0b8f54\" data-element_type=\"widget\" data-settings=\"{&quot;_animation&quot;:&quot;flash&quot;}\" data-widget_type=\"button.default\">\n\t\t\t\t<div class=\"elementor-widget-container\">\n\t\t\t\t\t\t\t\t\t<div class=\"elementor-button-wrapper\">\n\t\t\t\t\t<a class=\"elementor-button elementor-button-link elementor-size-sm\" href=\"https:\/\/mulheresdaquebrada.com.br\/index.php\/como-ajudar\/\" target=\"_blank\">\n\t\t\t\t\t\t<span class=\"elementor-button-content-wrapper\">\n\t\t\t\t\t\t\t\t\t<span class=\"elementor-button-text\">Contribuir com a Coletiva<\/span>\n\t\t\t\t\t<\/span>\n\t\t\t\t\t<\/a>\n\t\t\t\t<\/div>\n\t\t\t\t\t\t\t\t<\/div>\n\t\t\t\t<\/div>\n\t\t\t\t\t<\/div>\n\t\t<\/div>\n\t\t\t\t\t<\/div>\n\t\t<\/section>\n\t\t\t\t<section class=\"elementor-section elementor-top-section elementor-element elementor-element-4d5eea8 elementor-section-boxed elementor-section-height-default elementor-section-height-default\" data-id=\"4d5eea8\" data-element_type=\"section\">\n\t\t\t\t\t\t<div class=\"elementor-container elementor-column-gap-default\">\n\t\t\t\t\t<div class=\"elementor-column elementor-col-100 elementor-top-column elementor-element elementor-element-960927c\" data-id=\"960927c\" data-element_type=\"column\">\n\t\t\t<div class=\"elementor-widget-wrap elementor-element-populated\">\n\t\t\t\t\t\t<div class=\"elementor-element elementor-element-a82e94c elementor-widget elementor-widget-spacer\" data-id=\"a82e94c\" data-element_type=\"widget\" data-widget_type=\"spacer.default\">\n\t\t\t\t<div class=\"elementor-widget-container\">\n\t\t\t\t\t\t\t<div class=\"elementor-spacer\">\n\t\t\t<div class=\"elementor-spacer-inner\"><\/div>\n\t\t<\/div>\n\t\t\t\t\t\t<\/div>\n\t\t\t\t<\/div>\n\t\t\t\t\t<\/div>\n\t\t<\/div>\n\t\t\t\t\t<\/div>\n\t\t<\/section>\n\t\t\t\t<\/div>\n\t\t","protected":false},"excerpt":{"rendered":"<p>Cuidado e afeto Igualdade de ra\u00e7a e g\u00eanero; justi\u00e7a\/direitos sociais; Incorporando uma estrat\u00e9gia de afeto e cuidado como forma de apoio s\u00f3cio emocional no enfrentamento \u00e0s viol\u00eancias, desigualdades socioecon\u00f4micas, \u00e9tnico-raciais que provoca mudan\u00e7as individuais e coletivas e estruturais de toda sociedade. Contribuir com a Coletiva<\/p>\n","protected":false},"author":1,"featured_media":0,"parent":0,"menu_order":0,"comment_status":"closed","ping_status":"closed","template":"","meta":{"footnotes":""},"class_list":["post-753","page","type-page","status-publish","hentry"],"_links":{"self":[{"href":"https:\/\/mulheresdaquebrada.com.br\/index.php\/wp-json\/wp\/v2\/pages\/753","targetHints":{"allow":["GET"]}}],"collection":[{"href":"https:\/\/mulheresdaquebrada.com.br\/index.php\/wp-json\/wp\/v2\/pages"}],"about":[{"href":"https:\/\/mulheresdaquebrada.com.br\/index.php\/wp-json\/wp\/v2\/types\/page"}],"author":[{"embeddable":true,"href":"https:\/\/mulheresdaquebrada.com.br\/index.php\/wp-json\/wp\/v2\/users\/1"}],"replies":[{"embeddable":true,"href":"https:\/\/mulheresdaquebrada.com.br\/index.php\/wp-json\/wp\/v2\/comments?post=753"}],"version-history":[{"count":0,"href":"https:\/\/mulheresdaquebrada.com.br\/index.php\/wp-json\/wp\/v2\/pages\/753\/revisions"}],"wp:attachment":[{"href":"https:\/\/mulheresdaquebrada.com.br\/index.php\/wp-json\/wp\/v2\/media?parent=753"}],"curies":[{"name":"wp","href":"https:\/\/api.w.org\/{rel}","templated":true}]}}