{"id":765,"date":"2023-09-12T14:35:17","date_gmt":"2023-09-12T17:35:17","guid":{"rendered":"https:\/\/mulheresdaquebrada.com.br\/?page_id=765"},"modified":"2023-09-12T14:49:06","modified_gmt":"2023-09-12T17:49:06","slug":"nao-precisamos-ser-amigas-mas-precisamos-ser-parceiras","status":"publish","type":"page","link":"https:\/\/mulheresdaquebrada.com.br\/index.php\/nao-precisamos-ser-amigas-mas-precisamos-ser-parceiras\/","title":{"rendered":"N\u00e3o precisamos ser amigas, mas precisamos ser parceiras"},"content":{"rendered":"\t\t<div data-elementor-type=\"wp-page\" data-elementor-id=\"765\" class=\"elementor elementor-765\" data-elementor-post-type=\"page\">\n\t\t\t\t\t\t<section class=\"elementor-section elementor-top-section elementor-element elementor-element-2d08b8d elementor-section-boxed elementor-section-height-default elementor-section-height-default\" data-id=\"2d08b8d\" data-element_type=\"section\">\n\t\t\t\t\t\t<div class=\"elementor-container elementor-column-gap-default\">\n\t\t\t\t\t<div class=\"elementor-column elementor-col-100 elementor-top-column elementor-element elementor-element-a1e3e01\" data-id=\"a1e3e01\" data-element_type=\"column\">\n\t\t\t<div class=\"elementor-widget-wrap elementor-element-populated\">\n\t\t\t\t\t\t<div class=\"elementor-element elementor-element-a81f297 elementor-widget elementor-widget-spacer\" data-id=\"a81f297\" data-element_type=\"widget\" data-widget_type=\"spacer.default\">\n\t\t\t\t<div class=\"elementor-widget-container\">\n\t\t\t\t\t\t\t<div class=\"elementor-spacer\">\n\t\t\t<div class=\"elementor-spacer-inner\"><\/div>\n\t\t<\/div>\n\t\t\t\t\t\t<\/div>\n\t\t\t\t<\/div>\n\t\t\t\t\t<\/div>\n\t\t<\/div>\n\t\t\t\t\t<\/div>\n\t\t<\/section>\n\t\t\t\t<section class=\"elementor-section elementor-top-section elementor-element elementor-element-81a11dd elementor-section-boxed elementor-section-height-default elementor-section-height-default\" data-id=\"81a11dd\" data-element_type=\"section\">\n\t\t\t\t\t\t<div class=\"elementor-container elementor-column-gap-default\">\n\t\t\t\t\t<div class=\"elementor-column elementor-col-50 elementor-top-column elementor-element elementor-element-ba83c0d\" data-id=\"ba83c0d\" data-element_type=\"column\" data-settings=\"{&quot;background_background&quot;:&quot;slideshow&quot;,&quot;background_slideshow_gallery&quot;:[{&quot;id&quot;:607,&quot;url&quot;:&quot;https:\\\/\\\/mulheresdaquebrada.com.br\\\/wp-content\\\/uploads\\\/2023\\\/08\\\/IMG-20230717-WA0052.jpg&quot;},{&quot;id&quot;:608,&quot;url&quot;:&quot;https:\\\/\\\/mulheresdaquebrada.com.br\\\/wp-content\\\/uploads\\\/2023\\\/08\\\/IMG_20230706_122528_327.webp&quot;},{&quot;id&quot;:606,&quot;url&quot;:&quot;https:\\\/\\\/mulheresdaquebrada.com.br\\\/wp-content\\\/uploads\\\/2023\\\/08\\\/WhatsApp-Image-2023-07-17-at-12.29.05.jpeg&quot;},{&quot;id&quot;:377,&quot;url&quot;:&quot;https:\\\/\\\/mulheresdaquebrada.com.br\\\/wp-content\\\/uploads\\\/2023\\\/04\\\/WhatsApp-Image-2023-04-10-at-11.24.18.jpeg&quot;}],&quot;background_slideshow_loop&quot;:&quot;yes&quot;,&quot;background_slideshow_slide_duration&quot;:5000,&quot;background_slideshow_slide_transition&quot;:&quot;fade&quot;,&quot;background_slideshow_transition_duration&quot;:500}\">\n\t\t\t<div class=\"elementor-widget-wrap elementor-element-populated\">\n\t\t\t\t\t\t<div class=\"elementor-element elementor-element-ddf767c elementor-widget elementor-widget-spacer\" data-id=\"ddf767c\" data-element_type=\"widget\" data-widget_type=\"spacer.default\">\n\t\t\t\t<div class=\"elementor-widget-container\">\n\t\t\t\t\t\t\t<div class=\"elementor-spacer\">\n\t\t\t<div class=\"elementor-spacer-inner\"><\/div>\n\t\t<\/div>\n\t\t\t\t\t\t<\/div>\n\t\t\t\t<\/div>\n\t\t\t\t\t<\/div>\n\t\t<\/div>\n\t\t\t\t<div class=\"elementor-column elementor-col-50 elementor-top-column elementor-element elementor-element-eaaa431\" data-id=\"eaaa431\" data-element_type=\"column\">\n\t\t\t<div class=\"elementor-widget-wrap elementor-element-populated\">\n\t\t\t\t\t\t<div class=\"elementor-element elementor-element-9f52175 elementor-widget elementor-widget-spacer\" data-id=\"9f52175\" data-element_type=\"widget\" data-widget_type=\"spacer.default\">\n\t\t\t\t<div class=\"elementor-widget-container\">\n\t\t\t\t\t\t\t<div class=\"elementor-spacer\">\n\t\t\t<div class=\"elementor-spacer-inner\"><\/div>\n\t\t<\/div>\n\t\t\t\t\t\t<\/div>\n\t\t\t\t<\/div>\n\t\t\t\t<div class=\"elementor-element elementor-element-8f9eb7f elementor-invisible elementor-widget elementor-widget-heading\" data-id=\"8f9eb7f\" data-element_type=\"widget\" data-settings=\"{&quot;_animation&quot;:&quot;fadeInRight&quot;}\" data-widget_type=\"heading.default\">\n\t\t\t\t<div class=\"elementor-widget-container\">\n\t\t\t\t\t<h2 class=\"elementor-heading-title elementor-size-default\">N\u00e3o precisamos ser amigas, mas precisamos ser parceiras<\/h2>\t\t\t\t<\/div>\n\t\t\t\t<\/div>\n\t\t\t\t<div class=\"elementor-element elementor-element-886fb73 elementor-invisible elementor-widget elementor-widget-text-editor\" data-id=\"886fb73\" data-element_type=\"widget\" data-settings=\"{&quot;_animation&quot;:&quot;fadeInUp&quot;}\" data-widget_type=\"text-editor.default\">\n\t\t\t\t<div class=\"elementor-widget-container\">\n\t\t\t\t\t\t\t\t\t<p><span style=\"font-weight: 400;\">Portanto a Coletiva Mulheres da Quebrada desenvolve a\u00e7\u00f5es socioculturais, que fomentem a qualidade de vida em sa\u00fade f\u00edsica e mental, a fim de romper as viol\u00eancias e promover a seguran\u00e7a alimentar, por meio dos eixos Sa\u00fade Mental: \u2018Gotas de Cuidado\u2019, Cultural e Assistencial.<\/span><\/p>\t\t\t\t\t\t\t\t<\/div>\n\t\t\t\t<\/div>\n\t\t\t\t<div class=\"elementor-element elementor-element-4305b48 elementor-align-left elementor-invisible elementor-widget elementor-widget-button\" data-id=\"4305b48\" data-element_type=\"widget\" data-settings=\"{&quot;_animation&quot;:&quot;pulse&quot;}\" data-widget_type=\"button.default\">\n\t\t\t\t<div class=\"elementor-widget-container\">\n\t\t\t\t\t\t\t\t\t<div class=\"elementor-button-wrapper\">\n\t\t\t\t\t<a class=\"elementor-button elementor-button-link elementor-size-sm\" href=\"https:\/\/mulheresdaquebrada.com.br\/index.php\/como-ajudar\/\" target=\"_blank\">\n\t\t\t\t\t\t<span class=\"elementor-button-content-wrapper\">\n\t\t\t\t\t\t\t\t\t<span class=\"elementor-button-text\">Contribuir com a Coletiva<\/span>\n\t\t\t\t\t<\/span>\n\t\t\t\t\t<\/a>\n\t\t\t\t<\/div>\n\t\t\t\t\t\t\t\t<\/div>\n\t\t\t\t<\/div>\n\t\t\t\t\t<\/div>\n\t\t<\/div>\n\t\t\t\t\t<\/div>\n\t\t<\/section>\n\t\t\t\t<section class=\"elementor-section elementor-top-section elementor-element elementor-element-17ff044 elementor-section-boxed elementor-section-height-default elementor-section-height-default\" data-id=\"17ff044\" data-element_type=\"section\">\n\t\t\t\t\t\t<div class=\"elementor-container elementor-column-gap-default\">\n\t\t\t\t\t<div class=\"elementor-column elementor-col-100 elementor-top-column elementor-element elementor-element-8d0d3e0\" data-id=\"8d0d3e0\" data-element_type=\"column\">\n\t\t\t<div class=\"elementor-widget-wrap elementor-element-populated\">\n\t\t\t\t\t\t<div class=\"elementor-element elementor-element-aacfdc6 elementor-widget elementor-widget-spacer\" data-id=\"aacfdc6\" data-element_type=\"widget\" data-widget_type=\"spacer.default\">\n\t\t\t\t<div class=\"elementor-widget-container\">\n\t\t\t\t\t\t\t<div class=\"elementor-spacer\">\n\t\t\t<div class=\"elementor-spacer-inner\"><\/div>\n\t\t<\/div>\n\t\t\t\t\t\t<\/div>\n\t\t\t\t<\/div>\n\t\t\t\t\t<\/div>\n\t\t<\/div>\n\t\t\t\t\t<\/div>\n\t\t<\/section>\n\t\t\t\t<\/div>\n\t\t","protected":false},"excerpt":{"rendered":"<p>N\u00e3o precisamos ser amigas, mas precisamos ser parceiras Portanto a Coletiva Mulheres da Quebrada desenvolve a\u00e7\u00f5es socioculturais, que fomentem a qualidade de vida em sa\u00fade f\u00edsica e mental, a fim de romper as viol\u00eancias e promover a seguran\u00e7a alimentar, por meio dos eixos Sa\u00fade Mental: \u2018Gotas de Cuidado\u2019, Cultural e Assistencial. Contribuir com a Coletiva<\/p>\n","protected":false},"author":1,"featured_media":0,"parent":0,"menu_order":0,"comment_status":"closed","ping_status":"closed","template":"","meta":{"footnotes":""},"class_list":["post-765","page","type-page","status-publish","hentry"],"_links":{"self":[{"href":"https:\/\/mulheresdaquebrada.com.br\/index.php\/wp-json\/wp\/v2\/pages\/765","targetHints":{"allow":["GET"]}}],"collection":[{"href":"https:\/\/mulheresdaquebrada.com.br\/index.php\/wp-json\/wp\/v2\/pages"}],"about":[{"href":"https:\/\/mulheresdaquebrada.com.br\/index.php\/wp-json\/wp\/v2\/types\/page"}],"author":[{"embeddable":true,"href":"https:\/\/mulheresdaquebrada.com.br\/index.php\/wp-json\/wp\/v2\/users\/1"}],"replies":[{"embeddable":true,"href":"https:\/\/mulheresdaquebrada.com.br\/index.php\/wp-json\/wp\/v2\/comments?post=765"}],"version-history":[{"count":0,"href":"https:\/\/mulheresdaquebrada.com.br\/index.php\/wp-json\/wp\/v2\/pages\/765\/revisions"}],"wp:attachment":[{"href":"https:\/\/mulheresdaquebrada.com.br\/index.php\/wp-json\/wp\/v2\/media?parent=765"}],"curies":[{"name":"wp","href":"https:\/\/api.w.org\/{rel}","templated":true}]}}